{"id":107,"date":"2023-04-22T12:45:29","date_gmt":"2023-04-22T10:45:29","guid":{"rendered":"https:\/\/lacousinegermaine.com\/?page_id=107"},"modified":"2025-12-09T16:42:43","modified_gmt":"2025-12-09T15:42:43","slug":"5e-arrondissement","status":"publish","type":"page","link":"https:\/\/lacousinegermaine.com\/en\/arrondissement\/5e-arrondissement\/","title":{"rendered":"Latin Quarter - 5th"},"content":{"rendered":"<div data-elementor-type=\"wp-page\" data-elementor-id=\"107\" class=\"elementor elementor-107\" data-elementor-post-type=\"page\">\n\t\t\t\t\t\t<section class=\"elementor-section elementor-top-section elementor-element elementor-element-c0893ca elementor-section-boxed elementor-section-height-default elementor-section-height-default\" data-id=\"c0893ca\" data-element_type=\"section\">\n\t\t\t\t\t\t<div class=\"elementor-container elementor-column-gap-default\">\n\t\t\t\t\t<div class=\"elementor-column elementor-col-100 elementor-top-column elementor-element elementor-element-351831c\" data-id=\"351831c\" data-element_type=\"column\">\n\t\t\t<div class=\"elementor-widget-wrap elementor-element-populated\">\n\t\t\t\t\t\t<div class=\"elementor-element elementor-element-4b29a34 elementor-widget elementor-widget-heading\" data-id=\"4b29a34\" data-element_type=\"widget\" data-widget_type=\"heading.default\">\n\t\t\t\t<div class=\"elementor-widget-container\">\n\t\t\t\t\t<h2 class=\"elementor-heading-title elementor-size-default\">the Latin Quarter<\/h2>\t\t\t\t<\/div>\n\t\t\t\t<\/div>\n\t\t\t\t<div class=\"elementor-element elementor-element-82c9b06 elementor-widget elementor-widget-heading\" data-id=\"82c9b06\" data-element_type=\"widget\" data-widget_type=\"heading.default\">\n\t\t\t\t<div class=\"elementor-widget-container\">\n\t\t\t\t\t<h2 class=\"elementor-heading-title elementor-size-default\">5<sup>th<\/sup> arrondissement<\/h2>\t\t\t\t<\/div>\n\t\t\t\t<\/div>\n\t\t\t\t\t<\/div>\n\t\t<\/div>\n\t\t\t\t\t<\/div>\n\t\t<\/section>\n\t\t\t\t<section class=\"elementor-section elementor-top-section elementor-element elementor-element-7d4e488 elementor-section-boxed elementor-section-height-default elementor-section-height-default\" data-id=\"7d4e488\" data-element_type=\"section\">\n\t\t\t\t\t\t<div class=\"elementor-container elementor-column-gap-default\">\n\t\t\t\t\t<div class=\"elementor-column elementor-col-33 elementor-top-column elementor-element elementor-element-f7b711c\" data-id=\"f7b711c\" data-element_type=\"column\">\n\t\t\t<div class=\"elementor-widget-wrap elementor-element-populated\">\n\t\t\t\t\t\t<div class=\"elementor-element elementor-element-8f2c3a9 elementor-drop-cap-yes elementor-drop-cap-view-default elementor-widget elementor-widget-text-editor\" data-id=\"8f2c3a9\" data-element_type=\"widget\" data-settings=\"{&quot;drop_cap&quot;:&quot;yes&quot;}\" data-widget_type=\"text-editor.default\">\n\t\t\t\t<div class=\"elementor-widget-container\">\n\t\t\t\t\t\t\t\t\t<p>Ah, the 5<sup>th<\/sup>\u00a0arrondissement... The Latin Quarter, the rue des \u00e9coles, the Plants garden, the Great Mosque... Be you a fan of literature, cinema of history, you cannot miss this neighborhood, which has seen the greatest hours of France since the Paris is its capital - and even before.<\/p><p>To explore this neighborhood is to taste yesterday' and today's student life, walk around peaceful gardens and discover unique and atypical locations. The 5<sup>th<\/sup>arrondissement is a place of youth, nostalgia and parties. It encapsulates some of the most beautiful Parisian views, and secret finds I would love to share with you...<\/p>\t\t\t\t\t\t\t\t<\/div>\n\t\t\t\t<\/div>\n\t\t\t\t\t<\/div>\n\t\t<\/div>\n\t\t\t\t<div class=\"elementor-column elementor-col-66 elementor-top-column elementor-element elementor-element-28a793e\" data-id=\"28a793e\" data-element_type=\"column\">\n\t\t\t<div class=\"elementor-widget-wrap elementor-element-populated\">\n\t\t\t\t\t\t<div class=\"elementor-element elementor-element-3c6afc1 elementor-widget elementor-widget-image\" data-id=\"3c6afc1\" data-element_type=\"widget\" data-widget_type=\"image.default\">\n\t\t\t\t<div class=\"elementor-widget-container\">\n\t\t\t\t\t\t\t\t\t\t\t\t<figure class=\"wp-caption\">\n\t\t\t\t\t\t\t\t\t\t<img fetchpriority=\"high\" decoding=\"async\" width=\"1024\" height=\"527\" src=\"https:\/\/lacousinegermaine.com\/wp-content\/uploads\/2023\/04\/itineraire-5e-1024x527.png\" class=\"attachment-large size-large wp-image-113\" alt=\"\" srcset=\"https:\/\/lacousinegermaine.com\/wp-content\/uploads\/2023\/04\/itineraire-5e-1024x527.png 1024w, https:\/\/lacousinegermaine.com\/wp-content\/uploads\/2023\/04\/itineraire-5e-300x154.png 300w, https:\/\/lacousinegermaine.com\/wp-content\/uploads\/2023\/04\/itineraire-5e-768x395.png 768w, https:\/\/lacousinegermaine.com\/wp-content\/uploads\/2023\/04\/itineraire-5e-1536x790.png 1536w, https:\/\/lacousinegermaine.com\/wp-content\/uploads\/2023\/04\/itineraire-5e-600x309.png 600w, https:\/\/lacousinegermaine.com\/wp-content\/uploads\/2023\/04\/itineraire-5e.png 1900w\" sizes=\"(max-width: 1024px) 100vw, 1024px\" \/>\t\t\t\t\t\t\t\t\t\t\t<figcaption class=\"widget-image-caption wp-caption-text\">example of itinerary in the 5<sup>th<\/sup> arrondissement<\/figcaption>\n\t\t\t\t\t\t\t\t\t\t<\/figure>\n\t\t\t\t\t\t\t\t\t<\/div>\n\t\t\t\t<\/div>\n\t\t\t\t\t<\/div>\n\t\t<\/div>\n\t\t\t\t\t<\/div>\n\t\t<\/section>\n\t\t\t\t<section class=\"elementor-section elementor-top-section elementor-element elementor-element-d2b0427 elementor-section-boxed elementor-section-height-default elementor-section-height-default\" data-id=\"d2b0427\" data-element_type=\"section\">\n\t\t\t\t\t\t<div class=\"elementor-container elementor-column-gap-default\">\n\t\t\t\t\t<div class=\"elementor-column elementor-col-100 elementor-top-column elementor-element elementor-element-bb15f9c\" data-id=\"bb15f9c\" data-element_type=\"column\">\n\t\t\t<div class=\"elementor-widget-wrap elementor-element-populated\">\n\t\t\t\t\t\t<div class=\"elementor-element elementor-element-7cff1cc gallery-spacing-custom elementor-widget elementor-widget-image-gallery\" data-id=\"7cff1cc\" data-element_type=\"widget\" data-widget_type=\"image-gallery.default\">\n\t\t\t\t<div class=\"elementor-widget-container\">\n\t\t\t\t\t\t\t<div class=\"elementor-image-gallery\">\n\t\t\t<div id='gallery-1' class='gallery galleryid-107 gallery-columns-4 gallery-size-large'><figure class='gallery-item'>\n\t\t\t<div class='gallery-icon landscape'>\n\t\t\t\t<a data-elementor-open-lightbox=\"no\" href='https:\/\/lacousinegermaine.com\/wp-content\/uploads\/2023\/04\/P6270148-scaled.jpg'><img decoding=\"async\" width=\"1024\" height=\"768\" src=\"https:\/\/lacousinegermaine.com\/wp-content\/uploads\/2023\/04\/P6270148-1024x768.jpg\" class=\"attachment-large size-large\" alt=\"\" aria-describedby=\"gallery-1-41\" srcset=\"https:\/\/lacousinegermaine.com\/wp-content\/uploads\/2023\/04\/P6270148-1024x768.jpg 1024w, https:\/\/lacousinegermaine.com\/wp-content\/uploads\/2023\/04\/P6270148-300x225.jpg 300w, https:\/\/lacousinegermaine.com\/wp-content\/uploads\/2023\/04\/P6270148-768x576.jpg 768w, https:\/\/lacousinegermaine.com\/wp-content\/uploads\/2023\/04\/P6270148-1536x1152.jpg 1536w, https:\/\/lacousinegermaine.com\/wp-content\/uploads\/2023\/04\/P6270148-2048x1536.jpg 2048w, https:\/\/lacousinegermaine.com\/wp-content\/uploads\/2023\/04\/P6270148-600x450.jpg 600w\" sizes=\"(max-width: 1024px) 100vw, 1024px\" \/><\/a>\n\t\t\t<\/div>\n\t\t\t\t<figcaption class='wp-caption-text gallery-caption' id='gallery-1-41'>\n\t\t\t\tPantheon\n\t\t\t\t<\/figcaption><\/figure><figure class='gallery-item'>\n\t\t\t<div class='gallery-icon landscape'>\n\t\t\t\t<a data-elementor-open-lightbox=\"no\" href='https:\/\/lacousinegermaine.com\/wp-content\/uploads\/2023\/04\/P7210055-scaled.jpg'><img decoding=\"async\" width=\"1024\" height=\"768\" src=\"https:\/\/lacousinegermaine.com\/wp-content\/uploads\/2023\/04\/P7210055-1024x768.jpg\" class=\"attachment-large size-large\" alt=\"\" aria-describedby=\"gallery-1-76\" srcset=\"https:\/\/lacousinegermaine.com\/wp-content\/uploads\/2023\/04\/P7210055-1024x768.jpg 1024w, https:\/\/lacousinegermaine.com\/wp-content\/uploads\/2023\/04\/P7210055-300x225.jpg 300w, https:\/\/lacousinegermaine.com\/wp-content\/uploads\/2023\/04\/P7210055-768x576.jpg 768w, https:\/\/lacousinegermaine.com\/wp-content\/uploads\/2023\/04\/P7210055-1536x1152.jpg 1536w, https:\/\/lacousinegermaine.com\/wp-content\/uploads\/2023\/04\/P7210055-2048x1536.jpg 2048w, https:\/\/lacousinegermaine.com\/wp-content\/uploads\/2023\/04\/P7210055-600x450.jpg 600w\" sizes=\"(max-width: 1024px) 100vw, 1024px\" \/><\/a>\n\t\t\t<\/div>\n\t\t\t\t<figcaption class='wp-caption-text gallery-caption' id='gallery-1-76'>\n\t\t\t\tSaint-Genevieve library\n\t\t\t\t<\/figcaption><\/figure><figure class='gallery-item'>\n\t\t\t<div class='gallery-icon landscape'>\n\t\t\t\t<a data-elementor-open-lightbox=\"no\" href='https:\/\/lacousinegermaine.com\/wp-content\/uploads\/2023\/04\/P7102601-scaled.jpg'><img loading=\"lazy\" decoding=\"async\" width=\"1024\" height=\"768\" src=\"https:\/\/lacousinegermaine.com\/wp-content\/uploads\/2023\/04\/P7102601-1024x768.jpg\" class=\"attachment-large size-large\" alt=\"\" aria-describedby=\"gallery-1-74\" srcset=\"https:\/\/lacousinegermaine.com\/wp-content\/uploads\/2023\/04\/P7102601-1024x768.jpg 1024w, https:\/\/lacousinegermaine.com\/wp-content\/uploads\/2023\/04\/P7102601-300x225.jpg 300w, https:\/\/lacousinegermaine.com\/wp-content\/uploads\/2023\/04\/P7102601-768x576.jpg 768w, https:\/\/lacousinegermaine.com\/wp-content\/uploads\/2023\/04\/P7102601-1536x1152.jpg 1536w, https:\/\/lacousinegermaine.com\/wp-content\/uploads\/2023\/04\/P7102601-2048x1536.jpg 2048w, https:\/\/lacousinegermaine.com\/wp-content\/uploads\/2023\/04\/P7102601-600x450.jpg 600w\" sizes=\"(max-width: 1024px) 100vw, 1024px\" \/><\/a>\n\t\t\t<\/div>\n\t\t\t\t<figcaption class='wp-caption-text gallery-caption' id='gallery-1-74'>\n\t\t\t\tAlpine Garden\n\t\t\t\t<\/figcaption><\/figure><figure class='gallery-item'>\n\t\t\t<div class='gallery-icon landscape'>\n\t\t\t\t<a data-elementor-open-lightbox=\"no\" href='https:\/\/lacousinegermaine.com\/wp-content\/uploads\/2023\/04\/P9030243-scaled.jpg'><img loading=\"lazy\" decoding=\"async\" width=\"1024\" height=\"768\" src=\"https:\/\/lacousinegermaine.com\/wp-content\/uploads\/2023\/04\/P9030243-1024x768.jpg\" class=\"attachment-large size-large\" alt=\"\" aria-describedby=\"gallery-1-42\" srcset=\"https:\/\/lacousinegermaine.com\/wp-content\/uploads\/2023\/04\/P9030243-1024x768.jpg 1024w, https:\/\/lacousinegermaine.com\/wp-content\/uploads\/2023\/04\/P9030243-300x225.jpg 300w, https:\/\/lacousinegermaine.com\/wp-content\/uploads\/2023\/04\/P9030243-768x576.jpg 768w, https:\/\/lacousinegermaine.com\/wp-content\/uploads\/2023\/04\/P9030243-1536x1152.jpg 1536w, https:\/\/lacousinegermaine.com\/wp-content\/uploads\/2023\/04\/P9030243-2048x1536.jpg 2048w, https:\/\/lacousinegermaine.com\/wp-content\/uploads\/2023\/04\/P9030243-600x450.jpg 600w\" sizes=\"(max-width: 1024px) 100vw, 1024px\" \/><\/a>\n\t\t\t<\/div>\n\t\t\t\t<figcaption class='wp-caption-text gallery-caption' id='gallery-1-42'>\n\t\t\t\tformer Polytechnique school\n\t\t\t\t<\/figcaption><\/figure>\n\t\t<\/div>\n\t\t<\/div>\n\t\t\t\t\t\t<\/div>\n\t\t\t\t<\/div>\n\t\t\t\t\t<\/div>\n\t\t<\/div>\n\t\t\t\t\t<\/div>\n\t\t<\/section>\n\t\t\t\t<section class=\"elementor-section elementor-top-section elementor-element elementor-element-3255d8f elementor-section-boxed elementor-section-height-default elementor-section-height-default\" data-id=\"3255d8f\" data-element_type=\"section\">\n\t\t\t\t\t\t<div class=\"elementor-container elementor-column-gap-default\">\n\t\t\t\t\t<div class=\"elementor-column elementor-col-66 elementor-top-column elementor-element elementor-element-6f6a32f\" data-id=\"6f6a32f\" data-element_type=\"column\">\n\t\t\t<div class=\"elementor-widget-wrap elementor-element-populated\">\n\t\t\t\t\t\t<div class=\"elementor-element elementor-element-87b91a3 elementor-widget elementor-widget-google_maps\" data-id=\"87b91a3\" data-element_type=\"widget\" data-widget_type=\"google_maps.default\">\n\t\t\t\t<div class=\"elementor-widget-container\">\n\t\t\t\t\t\t\t<div class=\"elementor-custom-embed\">\n\t\t\t<iframe loading=\"lazy\"\n\t\t\t\t\tsrc=\"https:\/\/maps.google.com\/maps?q=Paris%205e&#038;t=m&#038;z=15&#038;output=embed&#038;iwloc=near\"\n\t\t\t\t\ttitle=\"Paris 5e\"\n\t\t\t\t\taria-label=\"Paris 5e\"\n\t\t\t><\/iframe>\n\t\t<\/div>\n\t\t\t\t\t\t<\/div>\n\t\t\t\t<\/div>\n\t\t\t\t\t<\/div>\n\t\t<\/div>\n\t\t\t\t<div class=\"elementor-column elementor-col-33 elementor-top-column elementor-element elementor-element-da8f22b\" data-id=\"da8f22b\" data-element_type=\"column\">\n\t\t\t<div class=\"elementor-widget-wrap elementor-element-populated\">\n\t\t\t\t\t\t<div class=\"elementor-element elementor-element-b3d33c3 elementor-widget elementor-widget-heading\" data-id=\"b3d33c3\" data-element_type=\"widget\" data-widget_type=\"heading.default\">\n\t\t\t\t<div class=\"elementor-widget-container\">\n\t\t\t\t\t<h2 class=\"elementor-heading-title elementor-size-default\">prices<\/h2>\t\t\t\t<\/div>\n\t\t\t\t<\/div>\n\t\t\t\t<div class=\"elementor-element elementor-element-7cde4d0 elementor-widget elementor-widget-text-editor\" data-id=\"7cde4d0\" data-element_type=\"widget\" data-widget_type=\"text-editor.default\">\n\t\t\t\t<div class=\"elementor-widget-container\">\n\t\t\t\t\t\t\t\t\t<p>2 people: 60 \u20ac\/p<\/p><p>pour 3 \u00e0 4 personnes : 50 \u20ac\/personne<\/p><p>pour 5 \u00e0 6 personnes : 40 \u20ac\/personne<\/p><p><em>if you are a bigger group, please contact me <\/em><\/p><p><em>for a personalized offer!<\/em><\/p><p><strong>free<\/strong> for kids under 12!\u00a0<\/p><p><strong>reduction<\/strong> for 12-26 yo: 50% off<\/p>\t\t\t\t\t\t\t\t<\/div>\n\t\t\t\t<\/div>\n\t\t\t\t\t<\/div>\n\t\t<\/div>\n\t\t\t\t\t<\/div>\n\t\t<\/section>\n\t\t\t\t<section class=\"elementor-section elementor-top-section elementor-element elementor-element-7373a50 elementor-section-boxed elementor-section-height-default elementor-section-height-default\" data-id=\"7373a50\" data-element_type=\"section\">\n\t\t\t\t\t\t<div class=\"elementor-container elementor-column-gap-default\">\n\t\t\t\t\t<div class=\"elementor-column elementor-col-100 elementor-top-column elementor-element elementor-element-eee9614\" data-id=\"eee9614\" data-element_type=\"column\">\n\t\t\t<div class=\"elementor-widget-wrap elementor-element-populated\">\n\t\t\t\t\t\t<div class=\"elementor-element elementor-element-b730775 elementor-widget elementor-widget-heading\" data-id=\"b730775\" data-element_type=\"widget\" data-widget_type=\"heading.default\">\n\t\t\t\t<div class=\"elementor-widget-container\">\n\t\t\t\t\t<h2 class=\"elementor-heading-title elementor-size-default\">Discover another face of the 5<sup>th<\/sup> arrondissement !<\/h2>\t\t\t\t<\/div>\n\t\t\t\t<\/div>\n\t\t\t\t<div class=\"elementor-element elementor-element-32d600b elementor-widget elementor-widget-shortcode\" data-id=\"32d600b\" data-element_type=\"widget\" data-widget_type=\"shortcode.default\">\n\t\t\t\t<div class=\"elementor-widget-container\">\n\t\t\t\t\t\t\t<div class=\"elementor-shortcode\"><form id=\"forminator-module-663\" class=\"forminator-custom-form forminator-custom-form-663\" method=\"post\" data-forminator-render=\"0\" data-uid=\"69dcc9da92d5c\" action=\"\"><div role=\"alert\" aria-live=\"polite\" class=\"forminator-response-message forminator-error\" aria-hidden=\"true\"><\/div><input type=\"hidden\" name=\"trp-form-language\" value=\"en\"\/><\/form><\/div>\n\t\t\t\t\t\t<\/div>\n\t\t\t\t<\/div>\n\t\t\t\t<div class=\"elementor-element elementor-element-e493902 elementor-align-center elementor-widget elementor-widget-button\" data-id=\"e493902\" data-element_type=\"widget\" data-widget_type=\"button.default\">\n\t\t\t\t<div class=\"elementor-widget-container\">\n\t\t\t\t\t\t\t\t\t<div class=\"elementor-button-wrapper\">\n\t\t\t\t\t<a class=\"elementor-button elementor-button-link elementor-size-sm\" href=\"https:\/\/lacousinegermaine.com\/en\/arrondissement\/\">\n\t\t\t\t\t\t<span class=\"elementor-button-content-wrapper\">\n\t\t\t\t\t\t<span class=\"elementor-button-icon\">\n\t\t\t\t<i aria-hidden=\"true\" class=\"fas fa-walking\"><\/i>\t\t\t<\/span>\n\t\t\t\t\t\t\t\t\t<span class=\"elementor-button-text\">r\u00e9server une autre promenade<\/span>\n\t\t\t\t\t<\/span>\n\t\t\t\t\t<\/a>\n\t\t\t\t<\/div>\n\t\t\t\t\t\t\t\t<\/div>\n\t\t\t\t<\/div>\n\t\t\t\t\t<\/div>\n\t\t<\/div>\n\t\t\t\t\t<\/div>\n\t\t<\/section>\n\t\t\t\t<\/div>","protected":false},"excerpt":{"rendered":"<p>le Quartier latin 5e arrondissement Ah, le 5e\u00a0arrondissement\u2026 Le quartier Latin, la rue des \u00e9coles, le jardin des Plantes, la grande Mosqu\u00e9e de Paris\u2026 Que vous soyez avide de litt\u00e9rature, cin\u00e9phile de la premi\u00e8re heure ou f\u00e9ru d\u2019histoire, vous ne pouvez pas \u00e9viter ce quartier, qui a vu les grandes heures de la France depuis [&hellip;]<\/p>","protected":false},"author":1,"featured_media":0,"parent":94,"menu_order":0,"comment_status":"closed","ping_status":"closed","template":"","meta":{"ocean_post_layout":"full-screen","ocean_both_sidebars_style":"","ocean_both_sidebars_content_width":0,"ocean_both_sidebars_sidebars_width":0,"ocean_sidebar":"0","ocean_second_sidebar":"0","ocean_disable_margins":"enable","ocean_add_body_class":"","ocean_shortcode_before_top_bar":"","ocean_shortcode_after_top_bar":"","ocean_shortcode_before_header":"","ocean_shortcode_after_header":"","ocean_has_shortcode":"","ocean_shortcode_after_title":"","ocean_shortcode_before_footer_widgets":"","ocean_shortcode_after_footer_widgets":"","ocean_shortcode_before_footer_bottom":"","ocean_shortcode_after_footer_bottom":"","ocean_display_top_bar":"default","ocean_display_header":"default","ocean_header_style":"","ocean_center_header_left_menu":"0","ocean_custom_header_template":"0","ocean_custom_logo":0,"ocean_custom_retina_logo":0,"ocean_custom_logo_max_width":0,"ocean_custom_logo_tablet_max_width":0,"ocean_custom_logo_mobile_max_width":0,"ocean_custom_logo_max_height":0,"ocean_custom_logo_tablet_max_height":0,"ocean_custom_logo_mobile_max_height":0,"ocean_header_custom_menu":"0","ocean_menu_typo_font_family":"0","ocean_menu_typo_font_subset":"","ocean_menu_typo_font_size":0,"ocean_menu_typo_font_size_tablet":0,"ocean_menu_typo_font_size_mobile":0,"ocean_menu_typo_font_size_unit":"px","ocean_menu_typo_font_weight":"","ocean_menu_typo_font_weight_tablet":"","ocean_menu_typo_font_weight_mobile":"","ocean_menu_typo_transform":"","ocean_menu_typo_transform_tablet":"","ocean_menu_typo_transform_mobile":"","ocean_menu_typo_line_height":0,"ocean_menu_typo_line_height_tablet":0,"ocean_menu_typo_line_height_mobile":0,"ocean_menu_typo_line_height_unit":"","ocean_menu_typo_spacing":0,"ocean_menu_typo_spacing_tablet":0,"ocean_menu_typo_spacing_mobile":0,"ocean_menu_typo_spacing_unit":"","ocean_menu_link_color":"","ocean_menu_link_color_hover":"","ocean_menu_link_color_active":"","ocean_menu_link_background":"","ocean_menu_link_hover_background":"","ocean_menu_link_active_background":"","ocean_menu_social_links_bg":"","ocean_menu_social_hover_links_bg":"","ocean_menu_social_links_color":"","ocean_menu_social_hover_links_color":"","ocean_disable_title":"on","ocean_disable_heading":"default","ocean_post_title":"","ocean_post_subheading":"","ocean_post_title_style":"","ocean_post_title_background_color":"","ocean_post_title_background":0,"ocean_post_title_bg_image_position":"","ocean_post_title_bg_image_attachment":"","ocean_post_title_bg_image_repeat":"","ocean_post_title_bg_image_size":"","ocean_post_title_height":0,"ocean_post_title_bg_overlay":0.5,"ocean_post_title_bg_overlay_color":"","ocean_disable_breadcrumbs":"off","ocean_breadcrumbs_color":"","ocean_breadcrumbs_separator_color":"","ocean_breadcrumbs_links_color":"","ocean_breadcrumbs_links_hover_color":"","ocean_display_footer_widgets":"default","ocean_display_footer_bottom":"default","ocean_custom_footer_template":"0","footnotes":""},"class_list":["post-107","page","type-page","status-publish","hentry","entry"],"jetpack_sharing_enabled":true,"_links":{"self":[{"href":"https:\/\/lacousinegermaine.com\/en\/wp-json\/wp\/v2\/pages\/107","targetHints":{"allow":["GET"]}}],"collection":[{"href":"https:\/\/lacousinegermaine.com\/en\/wp-json\/wp\/v2\/pages"}],"about":[{"href":"https:\/\/lacousinegermaine.com\/en\/wp-json\/wp\/v2\/types\/page"}],"author":[{"embeddable":true,"href":"https:\/\/lacousinegermaine.com\/en\/wp-json\/wp\/v2\/users\/1"}],"replies":[{"embeddable":true,"href":"https:\/\/lacousinegermaine.com\/en\/wp-json\/wp\/v2\/comments?post=107"}],"version-history":[{"count":43,"href":"https:\/\/lacousinegermaine.com\/en\/wp-json\/wp\/v2\/pages\/107\/revisions"}],"predecessor-version":[{"id":1784,"href":"https:\/\/lacousinegermaine.com\/en\/wp-json\/wp\/v2\/pages\/107\/revisions\/1784"}],"up":[{"embeddable":true,"href":"https:\/\/lacousinegermaine.com\/en\/wp-json\/wp\/v2\/pages\/94"}],"wp:attachment":[{"href":"https:\/\/lacousinegermaine.com\/en\/wp-json\/wp\/v2\/media?parent=107"}],"curies":[{"name":"wp","href":"https:\/\/api.w.org\/{rel}","templated":true}]}}