{"id":200,"date":"2023-04-23T21:13:31","date_gmt":"2023-04-23T19:13:31","guid":{"rendered":"https:\/\/lacousinegermaine.com\/?page_id=200"},"modified":"2025-12-09T16:45:53","modified_gmt":"2025-12-09T15:45:53","slug":"6e-arrondissement","status":"publish","type":"page","link":"https:\/\/lacousinegermaine.com\/en\/arrondissement\/6e-arrondissement\/","title":{"rendered":"Saint-Germain-des-Pr\u00e9s - 6th"},"content":{"rendered":"<div data-elementor-type=\"wp-page\" data-elementor-id=\"200\" class=\"elementor elementor-200\" data-elementor-post-type=\"page\">\n\t\t\t\t\t\t<section class=\"elementor-section elementor-top-section elementor-element elementor-element-17640595 elementor-section-boxed elementor-section-height-default elementor-section-height-default\" data-id=\"17640595\" data-element_type=\"section\">\n\t\t\t\t\t\t<div class=\"elementor-container elementor-column-gap-default\">\n\t\t\t\t\t<div class=\"elementor-column elementor-col-100 elementor-top-column elementor-element elementor-element-2a945446\" data-id=\"2a945446\" data-element_type=\"column\">\n\t\t\t<div class=\"elementor-widget-wrap elementor-element-populated\">\n\t\t\t\t\t\t<div class=\"elementor-element elementor-element-5aa98a8 elementor-widget elementor-widget-heading\" data-id=\"5aa98a8\" data-element_type=\"widget\" data-widget_type=\"heading.default\">\n\t\t\t\t<div class=\"elementor-widget-container\">\n\t\t\t\t\t<h2 class=\"elementor-heading-title elementor-size-default\">Saint-Germain-des-Pr\u00e9s<\/h2>\t\t\t\t<\/div>\n\t\t\t\t<\/div>\n\t\t\t\t<div class=\"elementor-element elementor-element-23d3a371 elementor-widget elementor-widget-heading\" data-id=\"23d3a371\" data-element_type=\"widget\" data-widget_type=\"heading.default\">\n\t\t\t\t<div class=\"elementor-widget-container\">\n\t\t\t\t\t<h2 class=\"elementor-heading-title elementor-size-default\">6<sup>th<\/sup> arrondissement<\/h2>\t\t\t\t<\/div>\n\t\t\t\t<\/div>\n\t\t\t\t\t<\/div>\n\t\t<\/div>\n\t\t\t\t\t<\/div>\n\t\t<\/section>\n\t\t\t\t<section class=\"elementor-section elementor-top-section elementor-element elementor-element-5256f632 elementor-section-boxed elementor-section-height-default elementor-section-height-default\" data-id=\"5256f632\" data-element_type=\"section\">\n\t\t\t\t\t\t<div class=\"elementor-container elementor-column-gap-default\">\n\t\t\t\t\t<div class=\"elementor-column elementor-col-33 elementor-top-column elementor-element elementor-element-2df0328f\" data-id=\"2df0328f\" data-element_type=\"column\">\n\t\t\t<div class=\"elementor-widget-wrap elementor-element-populated\">\n\t\t\t\t\t\t<div class=\"elementor-element elementor-element-504004e2 elementor-drop-cap-yes elementor-drop-cap-view-default elementor-widget elementor-widget-text-editor\" data-id=\"504004e2\" data-element_type=\"widget\" data-settings=\"{&quot;drop_cap&quot;:&quot;yes&quot;}\" data-widget_type=\"text-editor.default\">\n\t\t\t\t<div class=\"elementor-widget-container\">\n\t\t\t\t\t\t\t\t\t<p>the 6<sup>th<\/sup> is probably the most \"clich\u00e9\". It captures the spirit of the \"Left Bank\", popular because of the thinkers and artists that have lived and created in its vast traditional brasseries. From the Luxembourg Garden to the booksellers along the river Seine, come to explore the neighboorhood of writers, actresses and philosophers, and wander between the tall, typically-Parisian facades and the little historical streets.<\/p><p>You could stop for a nice coffee at Saint-Germain-des-Pr\u00e9s and hope to recognize someone famous, or loose yourself in the middle of the students of the Odeon place. Can\u2019t wait to see you there!<\/p>\t\t\t\t\t\t\t\t<\/div>\n\t\t\t\t<\/div>\n\t\t\t\t\t<\/div>\n\t\t<\/div>\n\t\t\t\t<div class=\"elementor-column elementor-col-66 elementor-top-column elementor-element elementor-element-12ec2a43\" data-id=\"12ec2a43\" data-element_type=\"column\">\n\t\t\t<div class=\"elementor-widget-wrap elementor-element-populated\">\n\t\t\t\t\t\t<div class=\"elementor-element elementor-element-3a3cf108 elementor-widget elementor-widget-image\" data-id=\"3a3cf108\" data-element_type=\"widget\" data-widget_type=\"image.default\">\n\t\t\t\t<div class=\"elementor-widget-container\">\n\t\t\t\t\t\t\t\t\t\t\t\t<figure class=\"wp-caption\">\n\t\t\t\t\t\t\t\t\t\t<img fetchpriority=\"high\" decoding=\"async\" width=\"1024\" height=\"498\" src=\"https:\/\/lacousinegermaine.com\/wp-content\/uploads\/2023\/05\/itineraire6e-simple.png\" class=\"attachment-large size-large wp-image-541\" alt=\"\" \/>\t\t\t\t\t\t\t\t\t\t\t<figcaption class=\"widget-image-caption wp-caption-text\">example of itinerary in the 6<sup>th<\/sup> arrondissement<\/figcaption>\n\t\t\t\t\t\t\t\t\t\t<\/figure>\n\t\t\t\t\t\t\t\t\t<\/div>\n\t\t\t\t<\/div>\n\t\t\t\t\t<\/div>\n\t\t<\/div>\n\t\t\t\t\t<\/div>\n\t\t<\/section>\n\t\t\t\t<section class=\"elementor-section elementor-top-section elementor-element elementor-element-ff573d2 elementor-section-boxed elementor-section-height-default elementor-section-height-default\" data-id=\"ff573d2\" data-element_type=\"section\">\n\t\t\t\t\t\t<div class=\"elementor-container elementor-column-gap-default\">\n\t\t\t\t\t<div class=\"elementor-column elementor-col-100 elementor-top-column elementor-element elementor-element-78e5aa8a\" data-id=\"78e5aa8a\" data-element_type=\"column\">\n\t\t\t<div class=\"elementor-widget-wrap elementor-element-populated\">\n\t\t\t\t\t\t<div class=\"elementor-element elementor-element-1fffd879 gallery-spacing-custom elementor-widget elementor-widget-image-gallery\" data-id=\"1fffd879\" data-element_type=\"widget\" data-widget_type=\"image-gallery.default\">\n\t\t\t\t<div class=\"elementor-widget-container\">\n\t\t\t\t\t\t\t<div class=\"elementor-image-gallery\">\n\t\t\t<div id='gallery-1' class='gallery galleryid-200 gallery-columns-3 gallery-size-large'><figure class='gallery-item'>\n\t\t\t<div class='gallery-icon landscape'>\n\t\t\t\t<a data-elementor-open-lightbox=\"no\" href='https:\/\/lacousinegermaine.com\/wp-content\/uploads\/2023\/04\/PA100775-scaled.jpg'><img decoding=\"async\" width=\"1024\" height=\"768\" src=\"https:\/\/lacousinegermaine.com\/wp-content\/uploads\/2023\/04\/PA100775-1024x768.jpg\" class=\"attachment-large size-large\" alt=\"\" aria-describedby=\"gallery-1-497\" srcset=\"https:\/\/lacousinegermaine.com\/wp-content\/uploads\/2023\/04\/PA100775-1024x768.jpg 1024w, https:\/\/lacousinegermaine.com\/wp-content\/uploads\/2023\/04\/PA100775-300x225.jpg 300w, https:\/\/lacousinegermaine.com\/wp-content\/uploads\/2023\/04\/PA100775-768x576.jpg 768w, https:\/\/lacousinegermaine.com\/wp-content\/uploads\/2023\/04\/PA100775-1536x1152.jpg 1536w, https:\/\/lacousinegermaine.com\/wp-content\/uploads\/2023\/04\/PA100775-2048x1536.jpg 2048w, https:\/\/lacousinegermaine.com\/wp-content\/uploads\/2023\/04\/PA100775-16x12.jpg 16w, https:\/\/lacousinegermaine.com\/wp-content\/uploads\/2023\/04\/PA100775-600x450.jpg 600w\" sizes=\"(max-width: 1024px) 100vw, 1024px\" \/><\/a>\n\t\t\t<\/div>\n\t\t\t\t<figcaption class='wp-caption-text gallery-caption' id='gallery-1-497'>\n\t\t\t\tle jardin du Luxembourg\n\t\t\t\t<\/figcaption><\/figure><figure class='gallery-item'>\n\t\t\t<div class='gallery-icon portrait'>\n\t\t\t\t<a data-elementor-open-lightbox=\"no\" href='https:\/\/lacousinegermaine.com\/wp-content\/uploads\/2023\/04\/Screenshot_20230429_124634_Gallery-e1682766216962.jpg'><img decoding=\"async\" width=\"964\" height=\"1024\" src=\"https:\/\/lacousinegermaine.com\/wp-content\/uploads\/2023\/04\/Screenshot_20230429_124634_Gallery-e1682766216962-964x1024.jpg\" class=\"attachment-large size-large\" alt=\"\" aria-describedby=\"gallery-1-500\" srcset=\"https:\/\/lacousinegermaine.com\/wp-content\/uploads\/2023\/04\/Screenshot_20230429_124634_Gallery-e1682766216962-964x1024.jpg 964w, https:\/\/lacousinegermaine.com\/wp-content\/uploads\/2023\/04\/Screenshot_20230429_124634_Gallery-e1682766216962-282x300.jpg 282w, https:\/\/lacousinegermaine.com\/wp-content\/uploads\/2023\/04\/Screenshot_20230429_124634_Gallery-e1682766216962-768x816.jpg 768w, https:\/\/lacousinegermaine.com\/wp-content\/uploads\/2023\/04\/Screenshot_20230429_124634_Gallery-e1682766216962-11x12.jpg 11w, https:\/\/lacousinegermaine.com\/wp-content\/uploads\/2023\/04\/Screenshot_20230429_124634_Gallery-e1682766216962-600x637.jpg 600w, https:\/\/lacousinegermaine.com\/wp-content\/uploads\/2023\/04\/Screenshot_20230429_124634_Gallery-e1682766216962.jpg 1079w\" sizes=\"(max-width: 964px) 100vw, 964px\" \/><\/a>\n\t\t\t<\/div>\n\t\t\t\t<figcaption class='wp-caption-text gallery-caption' id='gallery-1-500'>\n\t\t\t\tSaint-Germain-des-Pr\u00e9s\n\t\t\t\t<\/figcaption><\/figure><figure class='gallery-item'>\n\t\t\t<div class='gallery-icon landscape'>\n\t\t\t\t<a data-elementor-open-lightbox=\"no\" href='https:\/\/lacousinegermaine.com\/wp-content\/uploads\/2023\/04\/Screenshot_20230429_123543_Gallery-e1682766144669.jpg'><img loading=\"lazy\" decoding=\"async\" width=\"1024\" height=\"728\" src=\"https:\/\/lacousinegermaine.com\/wp-content\/uploads\/2023\/04\/Screenshot_20230429_123543_Gallery-e1682766144669-1024x728.jpg\" class=\"attachment-large size-large\" alt=\"\" aria-describedby=\"gallery-1-499\" srcset=\"https:\/\/lacousinegermaine.com\/wp-content\/uploads\/2023\/04\/Screenshot_20230429_123543_Gallery-e1682766144669-1024x728.jpg 1024w, https:\/\/lacousinegermaine.com\/wp-content\/uploads\/2023\/04\/Screenshot_20230429_123543_Gallery-e1682766144669-300x213.jpg 300w, https:\/\/lacousinegermaine.com\/wp-content\/uploads\/2023\/04\/Screenshot_20230429_123543_Gallery-e1682766144669-768x546.jpg 768w, https:\/\/lacousinegermaine.com\/wp-content\/uploads\/2023\/04\/Screenshot_20230429_123543_Gallery-e1682766144669-18x12.jpg 18w, https:\/\/lacousinegermaine.com\/wp-content\/uploads\/2023\/04\/Screenshot_20230429_123543_Gallery-e1682766144669-600x427.jpg 600w, https:\/\/lacousinegermaine.com\/wp-content\/uploads\/2023\/04\/Screenshot_20230429_123543_Gallery-e1682766144669.jpg 1077w\" sizes=\"(max-width: 1024px) 100vw, 1024px\" \/><\/a>\n\t\t\t<\/div>\n\t\t\t\t<figcaption class='wp-caption-text gallery-caption' id='gallery-1-499'>\n\t\t\t\tle boulevard du Montparnasse\n\t\t\t\t<\/figcaption><\/figure>\n\t\t<\/div>\n\t\t<\/div>\n\t\t\t\t\t\t<\/div>\n\t\t\t\t<\/div>\n\t\t\t\t\t<\/div>\n\t\t<\/div>\n\t\t\t\t\t<\/div>\n\t\t<\/section>\n\t\t\t\t<section class=\"elementor-section elementor-top-section elementor-element elementor-element-1bc513d0 elementor-section-boxed elementor-section-height-default elementor-section-height-default\" data-id=\"1bc513d0\" data-element_type=\"section\">\n\t\t\t\t\t\t<div class=\"elementor-container elementor-column-gap-default\">\n\t\t\t\t\t<div class=\"elementor-column elementor-col-66 elementor-top-column elementor-element elementor-element-16e2505e\" data-id=\"16e2505e\" data-element_type=\"column\">\n\t\t\t<div class=\"elementor-widget-wrap elementor-element-populated\">\n\t\t\t\t\t\t<div class=\"elementor-element elementor-element-21633898 elementor-widget elementor-widget-google_maps\" data-id=\"21633898\" data-element_type=\"widget\" data-widget_type=\"google_maps.default\">\n\t\t\t\t<div class=\"elementor-widget-container\">\n\t\t\t\t\t\t\t<div class=\"elementor-custom-embed\">\n\t\t\t<iframe loading=\"lazy\"\n\t\t\t\t\tsrc=\"https:\/\/maps.google.com\/maps?q=Paris%206e&#038;t=m&#038;z=15&#038;output=embed&#038;iwloc=near\"\n\t\t\t\t\ttitle=\"Paris 6e\"\n\t\t\t\t\taria-label=\"Paris 6e\"\n\t\t\t><\/iframe>\n\t\t<\/div>\n\t\t\t\t\t\t<\/div>\n\t\t\t\t<\/div>\n\t\t\t\t\t<\/div>\n\t\t<\/div>\n\t\t\t\t<div class=\"elementor-column elementor-col-33 elementor-top-column elementor-element elementor-element-1c680f71\" data-id=\"1c680f71\" data-element_type=\"column\">\n\t\t\t<div class=\"elementor-widget-wrap elementor-element-populated\">\n\t\t\t\t\t\t<div class=\"elementor-element elementor-element-656ea07 elementor-widget elementor-widget-heading\" data-id=\"656ea07\" data-element_type=\"widget\" data-widget_type=\"heading.default\">\n\t\t\t\t<div class=\"elementor-widget-container\">\n\t\t\t\t\t<h2 class=\"elementor-heading-title elementor-size-default\">prices<\/h2>\t\t\t\t<\/div>\n\t\t\t\t<\/div>\n\t\t\t\t<div class=\"elementor-element elementor-element-eca43d4 elementor-widget elementor-widget-text-editor\" data-id=\"eca43d4\" data-element_type=\"widget\" data-widget_type=\"text-editor.default\">\n\t\t\t\t<div class=\"elementor-widget-container\">\n\t\t\t\t\t\t\t\t\t<p>2 people: 60 \u20ac\/p<\/p><p>pour 3 \u00e0 4 personnes : 50 \u20ac\/personne<\/p><p>pour 5 \u00e0 6 personnes : 40 \u20ac\/personne<\/p><p><em>if you are a bigger group, please contact me <\/em><\/p><p><em>to create <\/em><em>a\u00a0<\/em><em>personalized offer!<\/em><\/p><p><strong>free<\/strong> for kids under 12!\u00a0<\/p><p><strong>reduction<\/strong> for 12-26 yo: 50% off<\/p>\t\t\t\t\t\t\t\t<\/div>\n\t\t\t\t<\/div>\n\t\t\t\t\t<\/div>\n\t\t<\/div>\n\t\t\t\t\t<\/div>\n\t\t<\/section>\n\t\t\t\t<section class=\"elementor-section elementor-top-section elementor-element elementor-element-1fe255f3 elementor-section-boxed elementor-section-height-default elementor-section-height-default\" data-id=\"1fe255f3\" data-element_type=\"section\">\n\t\t\t\t\t\t<div class=\"elementor-container elementor-column-gap-default\">\n\t\t\t\t\t<div class=\"elementor-column elementor-col-100 elementor-top-column elementor-element elementor-element-515d21d\" data-id=\"515d21d\" data-element_type=\"column\">\n\t\t\t<div class=\"elementor-widget-wrap elementor-element-populated\">\n\t\t\t\t\t\t<div class=\"elementor-element elementor-element-00ee941 elementor-widget elementor-widget-heading\" data-id=\"00ee941\" data-element_type=\"widget\" data-widget_type=\"heading.default\">\n\t\t\t\t<div class=\"elementor-widget-container\">\n\t\t\t\t\t<h2 class=\"elementor-heading-title elementor-size-default\">Venez explorer la richesse du 6<sup>th<\/sup> arrondissement ! <\/h2>\t\t\t\t<\/div>\n\t\t\t\t<\/div>\n\t\t\t\t<div class=\"elementor-element elementor-element-2f5f6eb elementor-widget elementor-widget-shortcode\" data-id=\"2f5f6eb\" data-element_type=\"widget\" data-widget_type=\"shortcode.default\">\n\t\t\t\t<div class=\"elementor-widget-container\">\n\t\t\t\t\t\t\t<div class=\"elementor-shortcode\"><form id=\"forminator-module-663\" class=\"forminator-custom-form forminator-custom-form-663\" method=\"post\" data-forminator-render=\"0\" data-uid=\"69e187928c015\" action=\"\"><div role=\"alert\" aria-live=\"polite\" class=\"forminator-response-message forminator-error\" aria-hidden=\"true\"><\/div><input type=\"hidden\" name=\"trp-form-language\" value=\"en\"\/><\/form><\/div>\n\t\t\t\t\t\t<\/div>\n\t\t\t\t<\/div>\n\t\t\t\t<div class=\"elementor-element elementor-element-5fab36f5 elementor-align-center elementor-widget elementor-widget-button\" data-id=\"5fab36f5\" data-element_type=\"widget\" data-widget_type=\"button.default\">\n\t\t\t\t<div class=\"elementor-widget-container\">\n\t\t\t\t\t\t\t\t\t<div class=\"elementor-button-wrapper\">\n\t\t\t\t\t<a class=\"elementor-button elementor-button-link elementor-size-sm\" href=\"https:\/\/lacousinegermaine.com\/en\/arrondissement\/\">\n\t\t\t\t\t\t<span class=\"elementor-button-content-wrapper\">\n\t\t\t\t\t\t<span class=\"elementor-button-icon\">\n\t\t\t\t<i aria-hidden=\"true\" class=\"fas fa-walking\"><\/i>\t\t\t<\/span>\n\t\t\t\t\t\t\t\t\t<span class=\"elementor-button-text\">r\u00e9servez une autre promenade<\/span>\n\t\t\t\t\t<\/span>\n\t\t\t\t\t<\/a>\n\t\t\t\t<\/div>\n\t\t\t\t\t\t\t\t<\/div>\n\t\t\t\t<\/div>\n\t\t\t\t\t<\/div>\n\t\t<\/div>\n\t\t\t\t\t<\/div>\n\t\t<\/section>\n\t\t\t\t<\/div>","protected":false},"excerpt":{"rendered":"<p>Saint-Germain-des-Pr\u00e9s 6e arrondissement Le 6e arrondissement est probablement le plus clich\u00e9 des arrondissements parisiens, et \u00e0 coup s\u00fbr celui qui repr\u00e9sente le plus l\u2019esprit de la \u201cRive Gauche\u201d, avec ses grands boulevards, ses librairies et ses vastes brasseries traditionnelles. Du Jardin du Luxembourg aux bouquinistes des quais de Seine, venez explorer le quartiers des \u00e9crivains, [&hellip;]<\/p>","protected":false},"author":1,"featured_media":0,"parent":94,"menu_order":0,"comment_status":"closed","ping_status":"closed","template":"","meta":{"ocean_post_layout":"full-screen","ocean_both_sidebars_style":"","ocean_both_sidebars_content_width":0,"ocean_both_sidebars_sidebars_width":0,"ocean_sidebar":"0","ocean_second_sidebar":"0","ocean_disable_margins":"on","ocean_add_body_class":"","ocean_shortcode_before_top_bar":"","ocean_shortcode_after_top_bar":"","ocean_shortcode_before_header":"","ocean_shortcode_after_header":"","ocean_has_shortcode":"","ocean_shortcode_after_title":"","ocean_shortcode_before_footer_widgets":"","ocean_shortcode_after_footer_widgets":"","ocean_shortcode_before_footer_bottom":"","ocean_shortcode_after_footer_bottom":"","ocean_display_top_bar":"default","ocean_display_header":"default","ocean_header_style":"","ocean_center_header_left_menu":"0","ocean_custom_header_template":"0","ocean_custom_logo":0,"ocean_custom_retina_logo":0,"ocean_custom_logo_max_width":0,"ocean_custom_logo_tablet_max_width":0,"ocean_custom_logo_mobile_max_width":0,"ocean_custom_logo_max_height":0,"ocean_custom_logo_tablet_max_height":0,"ocean_custom_logo_mobile_max_height":0,"ocean_header_custom_menu":"0","ocean_menu_typo_font_family":"0","ocean_menu_typo_font_subset":"","ocean_menu_typo_font_size":0,"ocean_menu_typo_font_size_tablet":0,"ocean_menu_typo_font_size_mobile":0,"ocean_menu_typo_font_size_unit":"px","ocean_menu_typo_font_weight":"","ocean_menu_typo_font_weight_tablet":"","ocean_menu_typo_font_weight_mobile":"","ocean_menu_typo_transform":"","ocean_menu_typo_transform_tablet":"","ocean_menu_typo_transform_mobile":"","ocean_menu_typo_line_height":0,"ocean_menu_typo_line_height_tablet":0,"ocean_menu_typo_line_height_mobile":0,"ocean_menu_typo_line_height_unit":"","ocean_menu_typo_spacing":0,"ocean_menu_typo_spacing_tablet":0,"ocean_menu_typo_spacing_mobile":0,"ocean_menu_typo_spacing_unit":"","ocean_menu_link_color":"","ocean_menu_link_color_hover":"","ocean_menu_link_color_active":"","ocean_menu_link_background":"","ocean_menu_link_hover_background":"","ocean_menu_link_active_background":"","ocean_menu_social_links_bg":"","ocean_menu_social_hover_links_bg":"","ocean_menu_social_links_color":"","ocean_menu_social_hover_links_color":"","ocean_disable_title":"on","ocean_disable_heading":"default","ocean_post_title":"","ocean_post_subheading":"","ocean_post_title_style":"","ocean_post_title_background_color":"","ocean_post_title_background":0,"ocean_post_title_bg_image_position":"","ocean_post_title_bg_image_attachment":"","ocean_post_title_bg_image_repeat":"","ocean_post_title_bg_image_size":"","ocean_post_title_height":0,"ocean_post_title_bg_overlay":0.5,"ocean_post_title_bg_overlay_color":"","ocean_disable_breadcrumbs":"default","ocean_breadcrumbs_color":"","ocean_breadcrumbs_separator_color":"","ocean_breadcrumbs_links_color":"","ocean_breadcrumbs_links_hover_color":"","ocean_display_footer_widgets":"default","ocean_display_footer_bottom":"default","ocean_custom_footer_template":"0","footnotes":""},"class_list":["post-200","page","type-page","status-publish","hentry","entry"],"jetpack_sharing_enabled":true,"_links":{"self":[{"href":"https:\/\/lacousinegermaine.com\/en\/wp-json\/wp\/v2\/pages\/200","targetHints":{"allow":["GET"]}}],"collection":[{"href":"https:\/\/lacousinegermaine.com\/en\/wp-json\/wp\/v2\/pages"}],"about":[{"href":"https:\/\/lacousinegermaine.com\/en\/wp-json\/wp\/v2\/types\/page"}],"author":[{"embeddable":true,"href":"https:\/\/lacousinegermaine.com\/en\/wp-json\/wp\/v2\/users\/1"}],"replies":[{"embeddable":true,"href":"https:\/\/lacousinegermaine.com\/en\/wp-json\/wp\/v2\/comments?post=200"}],"version-history":[{"count":38,"href":"https:\/\/lacousinegermaine.com\/en\/wp-json\/wp\/v2\/pages\/200\/revisions"}],"predecessor-version":[{"id":1796,"href":"https:\/\/lacousinegermaine.com\/en\/wp-json\/wp\/v2\/pages\/200\/revisions\/1796"}],"up":[{"embeddable":true,"href":"https:\/\/lacousinegermaine.com\/en\/wp-json\/wp\/v2\/pages\/94"}],"wp:attachment":[{"href":"https:\/\/lacousinegermaine.com\/en\/wp-json\/wp\/v2\/media?parent=200"}],"curies":[{"name":"wp","href":"https:\/\/api.w.org\/{rel}","templated":true}]}}