{"id":210,"date":"2023-04-23T21:17:42","date_gmt":"2023-04-23T19:17:42","guid":{"rendered":"https:\/\/lacousinegermaine.com\/?page_id=210"},"modified":"2025-12-09T16:52:32","modified_gmt":"2025-12-09T15:52:32","slug":"14e-arrondissement","status":"publish","type":"page","link":"https:\/\/lacousinegermaine.com\/en\/arrondissement\/14e-arrondissement\/","title":{"rendered":"Montparnasse and the artists - 14th"},"content":{"rendered":"<div data-elementor-type=\"wp-page\" data-elementor-id=\"210\" class=\"elementor elementor-210\" data-elementor-post-type=\"page\">\n\t\t\t\t\t\t<section class=\"elementor-section elementor-top-section elementor-element elementor-element-55f6a98b elementor-section-boxed elementor-section-height-default elementor-section-height-default\" data-id=\"55f6a98b\" data-element_type=\"section\">\n\t\t\t\t\t\t<div class=\"elementor-container elementor-column-gap-default\">\n\t\t\t\t\t<div class=\"elementor-column elementor-col-100 elementor-top-column elementor-element elementor-element-d92447b\" data-id=\"d92447b\" data-element_type=\"column\">\n\t\t\t<div class=\"elementor-widget-wrap elementor-element-populated\">\n\t\t\t\t\t\t<div class=\"elementor-element elementor-element-5acd682 elementor-widget elementor-widget-heading\" data-id=\"5acd682\" data-element_type=\"widget\" data-widget_type=\"heading.default\">\n\t\t\t\t<div class=\"elementor-widget-container\">\n\t\t\t\t\t<h2 class=\"elementor-heading-title elementor-size-default\">Montparnasse and the artists<\/h2>\t\t\t\t<\/div>\n\t\t\t\t<\/div>\n\t\t\t\t<div class=\"elementor-element elementor-element-6d63aefe elementor-widget elementor-widget-heading\" data-id=\"6d63aefe\" data-element_type=\"widget\" data-widget_type=\"heading.default\">\n\t\t\t\t<div class=\"elementor-widget-container\">\n\t\t\t\t\t<h2 class=\"elementor-heading-title elementor-size-default\">14<sup>th<\/sup> arrondissement<\/h2>\t\t\t\t<\/div>\n\t\t\t\t<\/div>\n\t\t\t\t\t<\/div>\n\t\t<\/div>\n\t\t\t\t\t<\/div>\n\t\t<\/section>\n\t\t\t\t<section class=\"elementor-section elementor-top-section elementor-element elementor-element-65a9032c elementor-section-boxed elementor-section-height-default elementor-section-height-default\" data-id=\"65a9032c\" data-element_type=\"section\">\n\t\t\t\t\t\t<div class=\"elementor-container elementor-column-gap-default\">\n\t\t\t\t\t<div class=\"elementor-column elementor-col-33 elementor-top-column elementor-element elementor-element-2977e571\" data-id=\"2977e571\" data-element_type=\"column\">\n\t\t\t<div class=\"elementor-widget-wrap elementor-element-populated\">\n\t\t\t\t\t\t<div class=\"elementor-element elementor-element-e8ecbad elementor-drop-cap-yes elementor-drop-cap-view-default elementor-widget elementor-widget-text-editor\" data-id=\"e8ecbad\" data-element_type=\"widget\" data-settings=\"{&quot;drop_cap&quot;:&quot;yes&quot;}\" data-widget_type=\"text-editor.default\">\n\t\t\t\t<div class=\"elementor-widget-container\">\n\t\t\t\t\t\t\t\t\t<p>To me, the 14<sup>th \u00a0<\/sup>is the most underrated Parisian arrondissement. It is truly a village inside a city, and is full of secrets treasures, little restaurants and artists\u2019 villas, which make it the best neighborhood to wander (I promise you).<\/p><p>While you\u2019ll walk its vast, covered with trees boulevards, you\u2019ll be able to feel the sweetness of the neighborhood\u2019s spirit and explore its small flea markets. You might even treat yourself with a grass pic-nic in the most <em>English\u00a0<\/em>of the Parisian parks. So, when do you come by?<\/p>\t\t\t\t\t\t\t\t<\/div>\n\t\t\t\t<\/div>\n\t\t\t\t\t<\/div>\n\t\t<\/div>\n\t\t\t\t<div class=\"elementor-column elementor-col-66 elementor-top-column elementor-element elementor-element-baaa4a7\" data-id=\"baaa4a7\" data-element_type=\"column\">\n\t\t\t<div class=\"elementor-widget-wrap elementor-element-populated\">\n\t\t\t\t\t\t<div class=\"elementor-element elementor-element-5b7b779c elementor-widget elementor-widget-image\" data-id=\"5b7b779c\" data-element_type=\"widget\" data-widget_type=\"image.default\">\n\t\t\t\t<div class=\"elementor-widget-container\">\n\t\t\t\t\t\t\t\t\t\t\t\t<figure class=\"wp-caption\">\n\t\t\t\t\t\t\t\t\t\t<img fetchpriority=\"high\" decoding=\"async\" width=\"1024\" height=\"451\" src=\"https:\/\/lacousinegermaine.com\/wp-content\/uploads\/2023\/05\/itineraire14e-simple-1024x451.png\" class=\"attachment-large size-large wp-image-548\" alt=\"\" srcset=\"https:\/\/lacousinegermaine.com\/wp-content\/uploads\/2023\/05\/itineraire14e-simple-1024x451.png 1024w, https:\/\/lacousinegermaine.com\/wp-content\/uploads\/2023\/05\/itineraire14e-simple-300x132.png 300w, https:\/\/lacousinegermaine.com\/wp-content\/uploads\/2023\/05\/itineraire14e-simple-768x338.png 768w, https:\/\/lacousinegermaine.com\/wp-content\/uploads\/2023\/05\/itineraire14e-simple-1536x676.png 1536w, https:\/\/lacousinegermaine.com\/wp-content\/uploads\/2023\/05\/itineraire14e-simple-2048x901.png 2048w, https:\/\/lacousinegermaine.com\/wp-content\/uploads\/2023\/05\/itineraire14e-simple-18x8.png 18w, https:\/\/lacousinegermaine.com\/wp-content\/uploads\/2023\/05\/itineraire14e-simple-600x264.png 600w\" sizes=\"(max-width: 1024px) 100vw, 1024px\" \/>\t\t\t\t\t\t\t\t\t\t\t<figcaption class=\"widget-image-caption wp-caption-text\">example of itinerary in the 14<sup>th<\/sup> arrondissement<\/figcaption>\n\t\t\t\t\t\t\t\t\t\t<\/figure>\n\t\t\t\t\t\t\t\t\t<\/div>\n\t\t\t\t<\/div>\n\t\t\t\t\t<\/div>\n\t\t<\/div>\n\t\t\t\t\t<\/div>\n\t\t<\/section>\n\t\t\t\t<section class=\"elementor-section elementor-top-section elementor-element elementor-element-33cff469 elementor-section-boxed elementor-section-height-default elementor-section-height-default\" data-id=\"33cff469\" data-element_type=\"section\">\n\t\t\t\t\t\t<div class=\"elementor-container elementor-column-gap-default\">\n\t\t\t\t\t<div class=\"elementor-column elementor-col-100 elementor-top-column elementor-element elementor-element-b196754\" data-id=\"b196754\" data-element_type=\"column\">\n\t\t\t<div class=\"elementor-widget-wrap elementor-element-populated\">\n\t\t\t\t\t\t<div class=\"elementor-element elementor-element-14bf4788 gallery-spacing-custom elementor-widget elementor-widget-image-gallery\" data-id=\"14bf4788\" data-element_type=\"widget\" data-widget_type=\"image-gallery.default\">\n\t\t\t\t<div class=\"elementor-widget-container\">\n\t\t\t\t\t\t\t<div class=\"elementor-image-gallery\">\n\t\t\t<div id='gallery-1' class='gallery galleryid-210 gallery-columns-3 gallery-size-large'><figure class='gallery-item'>\n\t\t\t<div class='gallery-icon landscape'>\n\t\t\t\t<a data-elementor-open-lightbox=\"no\" href='https:\/\/lacousinegermaine.com\/wp-content\/uploads\/2023\/04\/20230428_140921-scaled-e1682766649192.jpg'><img decoding=\"async\" width=\"1024\" height=\"768\" src=\"https:\/\/lacousinegermaine.com\/wp-content\/uploads\/2023\/04\/20230428_140921-scaled-e1682766649192-1024x768.jpg\" class=\"attachment-large size-large\" alt=\"\" aria-describedby=\"gallery-1-506\" srcset=\"https:\/\/lacousinegermaine.com\/wp-content\/uploads\/2023\/04\/20230428_140921-scaled-e1682766649192-1024x768.jpg 1024w, https:\/\/lacousinegermaine.com\/wp-content\/uploads\/2023\/04\/20230428_140921-scaled-e1682766649192-300x225.jpg 300w, https:\/\/lacousinegermaine.com\/wp-content\/uploads\/2023\/04\/20230428_140921-scaled-e1682766649192-768x576.jpg 768w, https:\/\/lacousinegermaine.com\/wp-content\/uploads\/2023\/04\/20230428_140921-scaled-e1682766649192-1536x1152.jpg 1536w, https:\/\/lacousinegermaine.com\/wp-content\/uploads\/2023\/04\/20230428_140921-scaled-e1682766649192-16x12.jpg 16w, https:\/\/lacousinegermaine.com\/wp-content\/uploads\/2023\/04\/20230428_140921-scaled-e1682766649192-600x450.jpg 600w, https:\/\/lacousinegermaine.com\/wp-content\/uploads\/2023\/04\/20230428_140921-scaled-e1682766649192.jpg 1920w\" sizes=\"(max-width: 1024px) 100vw, 1024px\" \/><\/a>\n\t\t\t<\/div>\n\t\t\t\t<figcaption class='wp-caption-text gallery-caption' id='gallery-1-506'>\n\t\t\t\tla cit\u00e9 universitaire\n\t\t\t\t<\/figcaption><\/figure><figure class='gallery-item'>\n\t\t\t<div class='gallery-icon landscape'>\n\t\t\t\t<a data-elementor-open-lightbox=\"no\" href='https:\/\/lacousinegermaine.com\/wp-content\/uploads\/2023\/04\/20230428_142116-scaled-e1682766773425.jpg'><img decoding=\"async\" width=\"1024\" height=\"768\" src=\"https:\/\/lacousinegermaine.com\/wp-content\/uploads\/2023\/04\/20230428_142116-scaled-e1682766773425-1024x768.jpg\" class=\"attachment-large size-large\" alt=\"\" aria-describedby=\"gallery-1-493\" srcset=\"https:\/\/lacousinegermaine.com\/wp-content\/uploads\/2023\/04\/20230428_142116-scaled-e1682766773425-1024x768.jpg 1024w, https:\/\/lacousinegermaine.com\/wp-content\/uploads\/2023\/04\/20230428_142116-scaled-e1682766773425-300x225.jpg 300w, https:\/\/lacousinegermaine.com\/wp-content\/uploads\/2023\/04\/20230428_142116-scaled-e1682766773425-768x576.jpg 768w, https:\/\/lacousinegermaine.com\/wp-content\/uploads\/2023\/04\/20230428_142116-scaled-e1682766773425-1536x1152.jpg 1536w, https:\/\/lacousinegermaine.com\/wp-content\/uploads\/2023\/04\/20230428_142116-scaled-e1682766773425-16x12.jpg 16w, https:\/\/lacousinegermaine.com\/wp-content\/uploads\/2023\/04\/20230428_142116-scaled-e1682766773425-600x450.jpg 600w, https:\/\/lacousinegermaine.com\/wp-content\/uploads\/2023\/04\/20230428_142116-scaled-e1682766773425.jpg 1920w\" sizes=\"(max-width: 1024px) 100vw, 1024px\" \/><\/a>\n\t\t\t<\/div>\n\t\t\t\t<figcaption class='wp-caption-text gallery-caption' id='gallery-1-493'>\n\t\t\t\tle parc Montsouris\n\t\t\t\t<\/figcaption><\/figure><figure class='gallery-item'>\n\t\t\t<div class='gallery-icon landscape'>\n\t\t\t\t<a data-elementor-open-lightbox=\"no\" href='https:\/\/lacousinegermaine.com\/wp-content\/uploads\/2023\/04\/Screenshot_20230429_125243_Gallery-e1682766681733.jpg'><img loading=\"lazy\" decoding=\"async\" width=\"1024\" height=\"769\" src=\"https:\/\/lacousinegermaine.com\/wp-content\/uploads\/2023\/04\/Screenshot_20230429_125243_Gallery-e1682766681733-1024x769.jpg\" class=\"attachment-large size-large\" alt=\"\" aria-describedby=\"gallery-1-505\" srcset=\"https:\/\/lacousinegermaine.com\/wp-content\/uploads\/2023\/04\/Screenshot_20230429_125243_Gallery-e1682766681733-1024x769.jpg 1024w, https:\/\/lacousinegermaine.com\/wp-content\/uploads\/2023\/04\/Screenshot_20230429_125243_Gallery-e1682766681733-300x225.jpg 300w, https:\/\/lacousinegermaine.com\/wp-content\/uploads\/2023\/04\/Screenshot_20230429_125243_Gallery-e1682766681733-768x577.jpg 768w, https:\/\/lacousinegermaine.com\/wp-content\/uploads\/2023\/04\/Screenshot_20230429_125243_Gallery-e1682766681733-16x12.jpg 16w, https:\/\/lacousinegermaine.com\/wp-content\/uploads\/2023\/04\/Screenshot_20230429_125243_Gallery-e1682766681733-600x451.jpg 600w, https:\/\/lacousinegermaine.com\/wp-content\/uploads\/2023\/04\/Screenshot_20230429_125243_Gallery-e1682766681733.jpg 1077w\" sizes=\"(max-width: 1024px) 100vw, 1024px\" \/><\/a>\n\t\t\t<\/div>\n\t\t\t\t<figcaption class='wp-caption-text gallery-caption' id='gallery-1-505'>\n\t\t\t\tle cimeti\u00e8re du Montparnasse\n\t\t\t\t<\/figcaption><\/figure>\n\t\t<\/div>\n\t\t<\/div>\n\t\t\t\t\t\t<\/div>\n\t\t\t\t<\/div>\n\t\t\t\t\t<\/div>\n\t\t<\/div>\n\t\t\t\t\t<\/div>\n\t\t<\/section>\n\t\t\t\t<section class=\"elementor-section elementor-top-section elementor-element elementor-element-78c4a0cb elementor-section-boxed elementor-section-height-default elementor-section-height-default\" data-id=\"78c4a0cb\" data-element_type=\"section\">\n\t\t\t\t\t\t<div class=\"elementor-container elementor-column-gap-default\">\n\t\t\t\t\t<div class=\"elementor-column elementor-col-66 elementor-top-column elementor-element elementor-element-644bfec9\" data-id=\"644bfec9\" data-element_type=\"column\">\n\t\t\t<div class=\"elementor-widget-wrap elementor-element-populated\">\n\t\t\t\t\t\t<div class=\"elementor-element elementor-element-25036004 elementor-widget elementor-widget-google_maps\" data-id=\"25036004\" data-element_type=\"widget\" data-widget_type=\"google_maps.default\">\n\t\t\t\t<div class=\"elementor-widget-container\">\n\t\t\t\t\t\t\t<div class=\"elementor-custom-embed\">\n\t\t\t<iframe loading=\"lazy\"\n\t\t\t\t\tsrc=\"https:\/\/maps.google.com\/maps?q=14e%20arrondissement&#038;t=m&#038;z=15&#038;output=embed&#038;iwloc=near\"\n\t\t\t\t\ttitle=\"Montparnasse and the artists - 14th\"\n\t\t\t\t\taria-label=\"Montparnasse and the artists - 14th\"\n\t\t\t><\/iframe>\n\t\t<\/div>\n\t\t\t\t\t\t<\/div>\n\t\t\t\t<\/div>\n\t\t\t\t\t<\/div>\n\t\t<\/div>\n\t\t\t\t<div class=\"elementor-column elementor-col-33 elementor-top-column elementor-element elementor-element-23314e87\" data-id=\"23314e87\" data-element_type=\"column\">\n\t\t\t<div class=\"elementor-widget-wrap elementor-element-populated\">\n\t\t\t\t\t\t<div class=\"elementor-element elementor-element-1de276c elementor-widget elementor-widget-heading\" data-id=\"1de276c\" data-element_type=\"widget\" data-widget_type=\"heading.default\">\n\t\t\t\t<div class=\"elementor-widget-container\">\n\t\t\t\t\t<h2 class=\"elementor-heading-title elementor-size-default\">prices<\/h2>\t\t\t\t<\/div>\n\t\t\t\t<\/div>\n\t\t\t\t<div class=\"elementor-element elementor-element-8ac202e elementor-widget elementor-widget-text-editor\" data-id=\"8ac202e\" data-element_type=\"widget\" data-widget_type=\"text-editor.default\">\n\t\t\t\t<div class=\"elementor-widget-container\">\n\t\t\t\t\t\t\t\t\t<p>2 people: 60 \u20ac\/p<\/p><p>pour 3 \u00e0 4 personnes : 50 \u20ac\/personne<\/p><p>pour 5 \u00e0 6 personnes : 40 \u20ac\/personne<\/p><p><em>if you are a bigger group, please contact me <\/em><\/p><p><em>to create <\/em><em>a\u00a0<\/em><em>personalized offer!<\/em><\/p><p><span style=\"text-decoration: underline;\"><strong>free<\/strong><\/span> for kids under 12!\u00a0<\/p><p><span style=\"text-decoration: underline;\"><strong>reduction<\/strong><\/span> for 12-26 yo: 50% off<\/p>\t\t\t\t\t\t\t\t<\/div>\n\t\t\t\t<\/div>\n\t\t\t\t\t<\/div>\n\t\t<\/div>\n\t\t\t\t\t<\/div>\n\t\t<\/section>\n\t\t\t\t<section class=\"elementor-section elementor-top-section elementor-element elementor-element-a597800 elementor-section-boxed elementor-section-height-default elementor-section-height-default\" data-id=\"a597800\" data-element_type=\"section\">\n\t\t\t\t\t\t<div class=\"elementor-container elementor-column-gap-default\">\n\t\t\t\t\t<div class=\"elementor-column elementor-col-100 elementor-top-column elementor-element elementor-element-3b52bb1\" data-id=\"3b52bb1\" data-element_type=\"column\">\n\t\t\t<div class=\"elementor-widget-wrap elementor-element-populated\">\n\t\t\t\t\t\t<div class=\"elementor-element elementor-element-56e21b3 elementor-widget elementor-widget-heading\" data-id=\"56e21b3\" data-element_type=\"widget\" data-widget_type=\"heading.default\">\n\t\t\t\t<div class=\"elementor-widget-container\">\n\t\t\t\t\t<h2 class=\"elementor-heading-title elementor-size-default\">Venez d\u00e9couvrir les beaut\u00e9s cach\u00e9es du 14<sup>th<\/sup> arrondissement !<\/h2>\t\t\t\t<\/div>\n\t\t\t\t<\/div>\n\t\t\t\t<div class=\"elementor-element elementor-element-cc32f17 elementor-widget elementor-widget-shortcode\" data-id=\"cc32f17\" data-element_type=\"widget\" data-widget_type=\"shortcode.default\">\n\t\t\t\t<div class=\"elementor-widget-container\">\n\t\t\t\t\t\t\t<div class=\"elementor-shortcode\"><form id=\"forminator-module-663\" class=\"forminator-custom-form forminator-custom-form-663\" method=\"post\" data-forminator-render=\"0\" data-uid=\"69dae75b41c33\" action=\"\"><div role=\"alert\" aria-live=\"polite\" class=\"forminator-response-message forminator-error\" aria-hidden=\"true\"><\/div><input type=\"hidden\" name=\"trp-form-language\" value=\"en\"\/><\/form><\/div>\n\t\t\t\t\t\t<\/div>\n\t\t\t\t<\/div>\n\t\t\t\t\t<\/div>\n\t\t<\/div>\n\t\t\t\t\t<\/div>\n\t\t<\/section>\n\t\t\t\t<section class=\"elementor-section elementor-top-section elementor-element elementor-element-79272cca elementor-section-boxed elementor-section-height-default elementor-section-height-default\" data-id=\"79272cca\" data-element_type=\"section\">\n\t\t\t\t\t\t<div class=\"elementor-container elementor-column-gap-default\">\n\t\t\t\t\t<div class=\"elementor-column elementor-col-100 elementor-top-column elementor-element elementor-element-ea9828d\" data-id=\"ea9828d\" data-element_type=\"column\">\n\t\t\t<div class=\"elementor-widget-wrap elementor-element-populated\">\n\t\t\t\t\t\t<div class=\"elementor-element elementor-element-3d49bd98 elementor-align-center elementor-widget elementor-widget-button\" data-id=\"3d49bd98\" data-element_type=\"widget\" data-widget_type=\"button.default\">\n\t\t\t\t<div class=\"elementor-widget-container\">\n\t\t\t\t\t\t\t\t\t<div class=\"elementor-button-wrapper\">\n\t\t\t\t\t<a class=\"elementor-button elementor-button-link elementor-size-sm\" href=\"https:\/\/lacousinegermaine.com\/en\/arrondissement\/\">\n\t\t\t\t\t\t<span class=\"elementor-button-content-wrapper\">\n\t\t\t\t\t\t<span class=\"elementor-button-icon\">\n\t\t\t\t<i aria-hidden=\"true\" class=\"fas fa-walking\"><\/i>\t\t\t<\/span>\n\t\t\t\t\t\t\t\t\t<span class=\"elementor-button-text\">r\u00e9servez une autre promenade<\/span>\n\t\t\t\t\t<\/span>\n\t\t\t\t\t<\/a>\n\t\t\t\t<\/div>\n\t\t\t\t\t\t\t\t<\/div>\n\t\t\t\t<\/div>\n\t\t\t\t\t<\/div>\n\t\t<\/div>\n\t\t\t\t\t<\/div>\n\t\t<\/section>\n\t\t\t\t<\/div>","protected":false},"excerpt":{"rendered":"<p>Montparnasse artistique 14e arrondissement Il y a, \u00e0 mes yeux, peu de quartiers aussi sous-c\u00f4t\u00e9s que le 14e \u00a0arrondissement. V\u00e9ritable village dans la ville, ce coin rec\u00e8le de tr\u00e9sors cach\u00e9s, de petits restaurants et de villas d\u2019artistes, ce qui en fait le meilleur quartier de promenades de Paris (si, si, promis). En remontant ses grands [&hellip;]<\/p>","protected":false},"author":1,"featured_media":0,"parent":94,"menu_order":0,"comment_status":"closed","ping_status":"closed","template":"","meta":{"ocean_post_layout":"full-screen","ocean_both_sidebars_style":"","ocean_both_sidebars_content_width":0,"ocean_both_sidebars_sidebars_width":0,"ocean_sidebar":"0","ocean_second_sidebar":"0","ocean_disable_margins":"enable","ocean_add_body_class":"","ocean_shortcode_before_top_bar":"","ocean_shortcode_after_top_bar":"","ocean_shortcode_before_header":"","ocean_shortcode_after_header":"","ocean_has_shortcode":"","ocean_shortcode_after_title":"","ocean_shortcode_before_footer_widgets":"","ocean_shortcode_after_footer_widgets":"","ocean_shortcode_before_footer_bottom":"","ocean_shortcode_after_footer_bottom":"","ocean_display_top_bar":"default","ocean_display_header":"default","ocean_header_style":"","ocean_center_header_left_menu":"0","ocean_custom_header_template":"0","ocean_custom_logo":0,"ocean_custom_retina_logo":0,"ocean_custom_logo_max_width":0,"ocean_custom_logo_tablet_max_width":0,"ocean_custom_logo_mobile_max_width":0,"ocean_custom_logo_max_height":0,"ocean_custom_logo_tablet_max_height":0,"ocean_custom_logo_mobile_max_height":0,"ocean_header_custom_menu":"0","ocean_menu_typo_font_family":"0","ocean_menu_typo_font_subset":"","ocean_menu_typo_font_size":0,"ocean_menu_typo_font_size_tablet":0,"ocean_menu_typo_font_size_mobile":0,"ocean_menu_typo_font_size_unit":"px","ocean_menu_typo_font_weight":"","ocean_menu_typo_font_weight_tablet":"","ocean_menu_typo_font_weight_mobile":"","ocean_menu_typo_transform":"","ocean_menu_typo_transform_tablet":"","ocean_menu_typo_transform_mobile":"","ocean_menu_typo_line_height":0,"ocean_menu_typo_line_height_tablet":0,"ocean_menu_typo_line_height_mobile":0,"ocean_menu_typo_line_height_unit":"","ocean_menu_typo_spacing":0,"ocean_menu_typo_spacing_tablet":0,"ocean_menu_typo_spacing_mobile":0,"ocean_menu_typo_spacing_unit":"","ocean_menu_link_color":"","ocean_menu_link_color_hover":"","ocean_menu_link_color_active":"","ocean_menu_link_background":"","ocean_menu_link_hover_background":"","ocean_menu_link_active_background":"","ocean_menu_social_links_bg":"","ocean_menu_social_hover_links_bg":"","ocean_menu_social_links_color":"","ocean_menu_social_hover_links_color":"","ocean_disable_title":"on","ocean_disable_heading":"default","ocean_post_title":"","ocean_post_subheading":"","ocean_post_title_style":"","ocean_post_title_background_color":"","ocean_post_title_background":0,"ocean_post_title_bg_image_position":"","ocean_post_title_bg_image_attachment":"","ocean_post_title_bg_image_repeat":"","ocean_post_title_bg_image_size":"","ocean_post_title_height":0,"ocean_post_title_bg_overlay":0.5,"ocean_post_title_bg_overlay_color":"","ocean_disable_breadcrumbs":"default","ocean_breadcrumbs_color":"","ocean_breadcrumbs_separator_color":"","ocean_breadcrumbs_links_color":"","ocean_breadcrumbs_links_hover_color":"","ocean_display_footer_widgets":"default","ocean_display_footer_bottom":"default","ocean_custom_footer_template":"0","footnotes":""},"class_list":["post-210","page","type-page","status-publish","hentry","entry"],"jetpack_sharing_enabled":true,"_links":{"self":[{"href":"https:\/\/lacousinegermaine.com\/en\/wp-json\/wp\/v2\/pages\/210","targetHints":{"allow":["GET"]}}],"collection":[{"href":"https:\/\/lacousinegermaine.com\/en\/wp-json\/wp\/v2\/pages"}],"about":[{"href":"https:\/\/lacousinegermaine.com\/en\/wp-json\/wp\/v2\/types\/page"}],"author":[{"embeddable":true,"href":"https:\/\/lacousinegermaine.com\/en\/wp-json\/wp\/v2\/users\/1"}],"replies":[{"embeddable":true,"href":"https:\/\/lacousinegermaine.com\/en\/wp-json\/wp\/v2\/comments?post=210"}],"version-history":[{"count":52,"href":"https:\/\/lacousinegermaine.com\/en\/wp-json\/wp\/v2\/pages\/210\/revisions"}],"predecessor-version":[{"id":1802,"href":"https:\/\/lacousinegermaine.com\/en\/wp-json\/wp\/v2\/pages\/210\/revisions\/1802"}],"up":[{"embeddable":true,"href":"https:\/\/lacousinegermaine.com\/en\/wp-json\/wp\/v2\/pages\/94"}],"wp:attachment":[{"href":"https:\/\/lacousinegermaine.com\/en\/wp-json\/wp\/v2\/media?parent=210"}],"curies":[{"name":"wp","href":"https:\/\/api.w.org\/{rel}","templated":true}]}}